{"id":598,"date":"2025-09-17T11:41:22","date_gmt":"2025-09-17T09:41:22","guid":{"rendered":"https:\/\/www.villairina.hu\/?page_id=598"},"modified":"2025-10-02T21:12:20","modified_gmt":"2025-10-02T19:12:20","slug":"hazirend","status":"publish","type":"page","link":"https:\/\/www.villairina.hu\/de\/hazirend\/","title":{"rendered":"Hausregeln"},"content":{"rendered":"<div data-elementor-type=\"wp-page\" data-elementor-id=\"598\" class=\"elementor elementor-598\" data-elementor-post-type=\"page\">\n\t\t\t\t<div class=\"elementor-element elementor-element-cb7f61b e-con-full e-flex e-con e-parent\" data-id=\"cb7f61b\" data-element_type=\"container\" data-e-type=\"container\" data-settings=\"{&quot;background_background&quot;:&quot;classic&quot;}\">\n\t\t<div class=\"elementor-element elementor-element-239ee0d e-flex e-con-boxed e-con e-child\" data-id=\"239ee0d\" data-element_type=\"container\" data-e-type=\"container\">\n\t\t\t\t\t<div class=\"e-con-inner\">\n\t\t\t\t<div class=\"elementor-element elementor-element-81a9c46 elementor-widget elementor-widget-heading\" data-id=\"81a9c46\" data-element_type=\"widget\" data-e-type=\"widget\" data-widget_type=\"heading.default\">\n\t\t\t\t\t<h1 class=\"elementor-heading-title elementor-size-default\">Hausregeln<\/h1>\t\t\t\t<\/div>\n\t\t\t\t<div class=\"elementor-element elementor-element-577f0fa elementor-icon-list--layout-traditional elementor-list-item-link-full_width elementor-widget elementor-widget-icon-list\" data-id=\"577f0fa\" data-element_type=\"widget\" data-e-type=\"widget\" data-widget_type=\"icon-list.default\">\n\t\t\t\t\t\t\t<ul class=\"elementor-icon-list-items\">\n\t\t\t\t\t\t\t<li class=\"elementor-icon-list-item\">\n\t\t\t\t\t\t\t\t\t\t\t<span class=\"elementor-icon-list-icon\">\n\t\t\t\t\t\t\t<svg aria-hidden=\"true\" class=\"e-font-icon-svg e-fas-caret-right\" viewbox=\"0 0 192 512\" xmlns=\"http:\/\/www.w3.org\/2000\/svg\"><path d=\"M0 384.662V127.338c0-17.818 21.543-26.741 34.142-14.142l128.662 128.662c7.81 7.81 7.81 20.474 0 28.284L34.142 398.804C21.543 411.404 0 402.48 0 384.662z\"><\/path><\/svg>\t\t\t\t\t\t<\/span>\n\t\t\t\t\t\t\t\t\t\t<span class=\"elementor-icon-list-text\">An- und Abreise: Check-in: 15:00, Check-out: 11:00, sp\u00e4tere Anreise nach Absprache<\/span>\n\t\t\t\t\t\t\t\t\t<\/li>\n\t\t\t\t\t\t\t\t<li class=\"elementor-icon-list-item\">\n\t\t\t\t\t\t\t\t\t\t\t<span class=\"elementor-icon-list-icon\">\n\t\t\t\t\t\t\t<svg aria-hidden=\"true\" class=\"e-font-icon-svg e-fas-caret-right\" viewbox=\"0 0 192 512\" xmlns=\"http:\/\/www.w3.org\/2000\/svg\"><path d=\"M0 384.662V127.338c0-17.818 21.543-26.741 34.142-14.142l128.662 128.662c7.81 7.81 7.81 20.474 0 28.284L34.142 398.804C21.543 411.404 0 402.48 0 384.662z\"><\/path><\/svg>\t\t\t\t\t\t<\/span>\n\t\t\t\t\t\t\t\t\t\t<span class=\"elementor-icon-list-text\">G\u00e4ste und Personenzahl: max. 3 Personen pro Apartment, insgesamt 6 Personen; Besucher d\u00fcrfen die gebuchte Kapazit\u00e4t nicht \u00fcberschreiten<\/span>\n\t\t\t\t\t\t\t\t\t<\/li>\n\t\t\t\t\t\t\t\t<li class=\"elementor-icon-list-item\">\n\t\t\t\t\t\t\t\t\t\t\t<span class=\"elementor-icon-list-icon\">\n\t\t\t\t\t\t\t<svg aria-hidden=\"true\" class=\"e-font-icon-svg e-fas-caret-right\" viewbox=\"0 0 192 512\" xmlns=\"http:\/\/www.w3.org\/2000\/svg\"><path d=\"M0 384.662V127.338c0-17.818 21.543-26.741 34.142-14.142l128.662 128.662c7.81 7.81 7.81 20.474 0 28.284L34.142 398.804C21.543 411.404 0 402.48 0 384.662z\"><\/path><\/svg>\t\t\t\t\t\t<\/span>\n\t\t\t\t\t\t\t\t\t\t<span class=\"elementor-icon-list-text\">Verantwortungsbewusste Nutzung: Nutzung der Villa auf eigene Verantwortung; Ger\u00e4te, offene Flammen, TV, Klimaanlage, K\u00fcchenutensilien ausschalten<\/span>\n\t\t\t\t\t\t\t\t\t<\/li>\n\t\t\t\t\t\t\t\t<li class=\"elementor-icon-list-item\">\n\t\t\t\t\t\t\t\t\t\t\t<span class=\"elementor-icon-list-icon\">\n\t\t\t\t\t\t\t<svg aria-hidden=\"true\" class=\"e-font-icon-svg e-fas-caret-right\" viewbox=\"0 0 192 512\" xmlns=\"http:\/\/www.w3.org\/2000\/svg\"><path d=\"M0 384.662V127.338c0-17.818 21.543-26.741 34.142-14.142l128.662 128.662c7.81 7.81 7.81 20.474 0 28.284L34.142 398.804C21.543 411.404 0 402.48 0 384.662z\"><\/path><\/svg>\t\t\t\t\t\t<\/span>\n\t\t\t\t\t\t\t\t\t\t<span class=\"elementor-icon-list-text\">Rauchen &amp; Haustiere: Rauchen nur in ausgewiesenen Au\u00dfenbereichen, keine Haustiere erlaubt<\/span>\n\t\t\t\t\t\t\t\t\t<\/li>\n\t\t\t\t\t\t\t\t<li class=\"elementor-icon-list-item\">\n\t\t\t\t\t\t\t\t\t\t\t<span class=\"elementor-icon-list-icon\">\n\t\t\t\t\t\t\t<svg aria-hidden=\"true\" class=\"e-font-icon-svg e-fas-caret-right\" viewbox=\"0 0 192 512\" xmlns=\"http:\/\/www.w3.org\/2000\/svg\"><path d=\"M0 384.662V127.338c0-17.818 21.543-26.741 34.142-14.142l128.662 128.662c7.81 7.81 7.81 20.474 0 28.284L34.142 398.804C21.543 411.404 0 402.48 0 384.662z\"><\/path><\/svg>\t\t\t\t\t\t<\/span>\n\t\t\t\t\t\t\t\t\t\t<span class=\"elementor-icon-list-text\">Ruhezeiten: Nachbarn respektieren von 22:00 bis 08:00<\/span>\n\t\t\t\t\t\t\t\t\t<\/li>\n\t\t\t\t\t\t\t\t<li class=\"elementor-icon-list-item\">\n\t\t\t\t\t\t\t\t\t\t\t<span class=\"elementor-icon-list-icon\">\n\t\t\t\t\t\t\t<svg aria-hidden=\"true\" class=\"e-font-icon-svg e-fas-caret-right\" viewbox=\"0 0 192 512\" xmlns=\"http:\/\/www.w3.org\/2000\/svg\"><path d=\"M0 384.662V127.338c0-17.818 21.543-26.741 34.142-14.142l128.662 128.662c7.81 7.81 7.81 20.474 0 28.284L34.142 398.804C21.543 411.404 0 402.48 0 384.662z\"><\/path><\/svg>\t\t\t\t\t\t<\/span>\n\t\t\t\t\t\t\t\t\t\t<span class=\"elementor-icon-list-text\">Sicherheit &amp; Smart-Systeme: Smart-Home gem\u00e4\u00df Anleitung bedienen, Ladestation und Parkplatz sicher nutzen<\/span>\n\t\t\t\t\t\t\t\t\t<\/li>\n\t\t\t\t\t\t\t\t<li class=\"elementor-icon-list-item\">\n\t\t\t\t\t\t\t\t\t\t\t<span class=\"elementor-icon-list-icon\">\n\t\t\t\t\t\t\t<svg aria-hidden=\"true\" class=\"e-font-icon-svg e-fas-caret-right\" viewbox=\"0 0 192 512\" xmlns=\"http:\/\/www.w3.org\/2000\/svg\"><path d=\"M0 384.662V127.338c0-17.818 21.543-26.741 34.142-14.142l128.662 128.662c7.81 7.81 7.81 20.474 0 28.284L34.142 398.804C21.543 411.404 0 402.48 0 384.662z\"><\/path><\/svg>\t\t\t\t\t\t<\/span>\n\t\t\t\t\t\t\t\t\t\t<span class=\"elementor-icon-list-text\">Au\u00dfenbereiche &amp; Ausstattung: Steg, Boote, SUP, Au\u00dfenk\u00fcche verantwortungsbewusst nutzen, Garten sauber halten<\/span>\n\t\t\t\t\t\t\t\t\t<\/li>\n\t\t\t\t\t\t\t\t<li class=\"elementor-icon-list-item\">\n\t\t\t\t\t\t\t\t\t\t\t<span class=\"elementor-icon-list-icon\">\n\t\t\t\t\t\t\t<svg aria-hidden=\"true\" class=\"e-font-icon-svg e-fas-caret-right\" viewbox=\"0 0 192 512\" xmlns=\"http:\/\/www.w3.org\/2000\/svg\"><path d=\"M0 384.662V127.338c0-17.818 21.543-26.741 34.142-14.142l128.662 128.662c7.81 7.81 7.81 20.474 0 28.284L34.142 398.804C21.543 411.404 0 402.48 0 384.662z\"><\/path><\/svg>\t\t\t\t\t\t<\/span>\n\t\t\t\t\t\t\t\t\t\t<span class=\"elementor-icon-list-text\">Reinigung &amp; Service: Bettw\u00e4sche, Handt\u00fccher und Reinigung inklusive, bei Abreise Sauberkeit sicherstellen<\/span>\n\t\t\t\t\t\t\t\t\t<\/li>\n\t\t\t\t\t\t\t\t<li class=\"elementor-icon-list-item\">\n\t\t\t\t\t\t\t\t\t\t\t<span class=\"elementor-icon-list-icon\">\n\t\t\t\t\t\t\t<svg aria-hidden=\"true\" class=\"e-font-icon-svg e-fas-caret-right\" viewbox=\"0 0 192 512\" xmlns=\"http:\/\/www.w3.org\/2000\/svg\"><path d=\"M0 384.662V127.338c0-17.818 21.543-26.741 34.142-14.142l128.662 128.662c7.81 7.81 7.81 20.474 0 28.284L34.142 398.804C21.543 411.404 0 402.48 0 384.662z\"><\/path><\/svg>\t\t\t\t\t\t<\/span>\n\t\t\t\t\t\t\t\t\t\t<span class=\"elementor-icon-list-text\">Zustimmung zur Hausordnung: Mit \u00dcbernahme der Villa akzeptieren G\u00e4ste automatisch die Hausordnung<\/span>\n\t\t\t\t\t\t\t\t\t<\/li>\n\t\t\t\t\t\t<\/ul>\n\t\t\t\t\t\t<\/div>\n\t\t\t\t\t<\/div>\n\t\t\t\t<\/div>\n\t\t\t\t<\/div>\n\t\t\t\t<\/div>","protected":false},"excerpt":{"rendered":"<p>H\u00e1zirend \u00c9rkez\u00e9s \u00e9s t\u00e1voz\u00e1s: \u00c9rkez\u00e9s: 15:00, t\u00e1voz\u00e1s: 11:00, k\u00e9s\u0151i \u00e9rkez\u00e9s el\u0151zetes egyeztet\u00e9ssel Vend\u00e9gek \u00e9s l\u00e9tsz\u00e1m: max. 3 f\u0151\/apartman, \u00f6sszesen 6 f\u0151, l\u00e1togat\u00f3k nem l\u00e9phetik t\u00fal a foglalt keretet Felel\u0151ss\u00e9gteljes haszn\u00e1lat: villa berendez\u00e9sei saj\u00e1t felel\u0151ss\u00e9gre, t\u0171zforr\u00e1sok, TV, l\u00e9gkondi, konyhai eszk\u00f6z\u00f6k kikapcsol\u00e1sa Doh\u00e1nyz\u00e1s \u00e9s h\u00e1zi\u00e1llatok: Doh\u00e1nyz\u00e1s csak kijel\u00f6lt k\u00fclt\u00e9ri ter\u00fcleten, h\u00e1zi\u00e1llat nem hozhat\u00f3 Csend \u00e9s nyugalom: szomsz\u00e9dok [&hellip;]<\/p>\n","protected":false},"author":1,"featured_media":0,"parent":0,"menu_order":0,"comment_status":"closed","ping_status":"closed","template":"","meta":{"footnotes":""},"class_list":["post-598","page","type-page","status-publish","hentry"],"yoast_head":"<!-- This site is optimized with the Yoast SEO plugin v27.0 - https:\/\/yoast.com\/product\/yoast-seo-wordpress\/ -->\n<title>H\u00e1zirend - Villa Irina<\/title>\n<meta name=\"robots\" content=\"index, follow, max-snippet:-1, max-image-preview:large, max-video-preview:-1\" \/>\n<link rel=\"canonical\" href=\"https:\/\/www.villairina.hu\/de\/hazirend\/\" \/>\n<meta property=\"og:locale\" content=\"de_DE\" \/>\n<meta property=\"og:type\" content=\"article\" \/>\n<meta property=\"og:title\" content=\"H\u00e1zirend - Villa Irina\" \/>\n<meta property=\"og:description\" content=\"H\u00e1zirend \u00c9rkez\u00e9s \u00e9s t\u00e1voz\u00e1s: \u00c9rkez\u00e9s: 15:00, t\u00e1voz\u00e1s: 11:00, k\u00e9s\u0151i \u00e9rkez\u00e9s el\u0151zetes egyeztet\u00e9ssel Vend\u00e9gek \u00e9s l\u00e9tsz\u00e1m: max. 3 f\u0151\/apartman, \u00f6sszesen 6 f\u0151, l\u00e1togat\u00f3k nem l\u00e9phetik t\u00fal a foglalt keretet Felel\u0151ss\u00e9gteljes haszn\u00e1lat: villa berendez\u00e9sei saj\u00e1t felel\u0151ss\u00e9gre, t\u0171zforr\u00e1sok, TV, l\u00e9gkondi, konyhai eszk\u00f6z\u00f6k kikapcsol\u00e1sa Doh\u00e1nyz\u00e1s \u00e9s h\u00e1zi\u00e1llatok: Doh\u00e1nyz\u00e1s csak kijel\u00f6lt k\u00fclt\u00e9ri ter\u00fcleten, h\u00e1zi\u00e1llat nem hozhat\u00f3 Csend \u00e9s nyugalom: szomsz\u00e9dok [&hellip;]\" \/>\n<meta property=\"og:url\" content=\"https:\/\/www.villairina.hu\/de\/hazirend\/\" \/>\n<meta property=\"og:site_name\" content=\"Villa Irina\" \/>\n<meta property=\"article:modified_time\" content=\"2025-10-02T19:12:20+00:00\" \/>\n<meta name=\"twitter:card\" content=\"summary_large_image\" \/>\n<meta name=\"twitter:label1\" content=\"Gesch\u00e4tzte Lesezeit\" \/>\n\t<meta name=\"twitter:data1\" content=\"1\u00a0Minute\" \/>\n<script type=\"application\/ld+json\" class=\"yoast-schema-graph\">{\"@context\":\"https:\/\/schema.org\",\"@graph\":[{\"@type\":\"WebPage\",\"@id\":\"https:\/\/www.villairina.hu\/en\/hazirend\/\",\"url\":\"https:\/\/www.villairina.hu\/en\/hazirend\/\",\"name\":\"H\u00e1zirend - Villa Irina\",\"isPartOf\":{\"@id\":\"https:\/\/www.villairina.hu\/#website\"},\"datePublished\":\"2025-09-17T09:41:22+00:00\",\"dateModified\":\"2025-10-02T19:12:20+00:00\",\"breadcrumb\":{\"@id\":\"https:\/\/www.villairina.hu\/en\/hazirend\/#breadcrumb\"},\"inLanguage\":\"de\",\"potentialAction\":[{\"@type\":\"ReadAction\",\"target\":[\"https:\/\/www.villairina.hu\/en\/hazirend\/\"]}]},{\"@type\":\"BreadcrumbList\",\"@id\":\"https:\/\/www.villairina.hu\/en\/hazirend\/#breadcrumb\",\"itemListElement\":[{\"@type\":\"ListItem\",\"position\":1,\"name\":\"Kezd\u0151lap\",\"item\":\"https:\/\/www.villairina.hu\/\"},{\"@type\":\"ListItem\",\"position\":2,\"name\":\"H\u00e1zirend\"}]},{\"@type\":\"WebSite\",\"@id\":\"https:\/\/www.villairina.hu\/#website\",\"url\":\"https:\/\/www.villairina.hu\/\",\"name\":\"Villa Irina\",\"description\":\"Villa Irina\",\"publisher\":{\"@id\":\"https:\/\/www.villairina.hu\/#organization\"},\"potentialAction\":[{\"@type\":\"SearchAction\",\"target\":{\"@type\":\"EntryPoint\",\"urlTemplate\":\"https:\/\/www.villairina.hu\/?s={search_term_string}\"},\"query-input\":{\"@type\":\"PropertyValueSpecification\",\"valueRequired\":true,\"valueName\":\"search_term_string\"}}],\"inLanguage\":\"de\"},{\"@type\":\"Organization\",\"@id\":\"https:\/\/www.villairina.hu\/#organization\",\"name\":\"Villa Irina\",\"url\":\"https:\/\/www.villairina.hu\/\",\"logo\":{\"@type\":\"ImageObject\",\"inLanguage\":\"de\",\"@id\":\"https:\/\/www.villairina.hu\/#\/schema\/logo\/image\/\",\"url\":\"https:\/\/www.villairina.hu\/wp-content\/uploads\/2025\/09\/villairina-transparent-black-350x350-1.png\",\"contentUrl\":\"https:\/\/www.villairina.hu\/wp-content\/uploads\/2025\/09\/villairina-transparent-black-350x350-1.png\",\"width\":350,\"height\":350,\"caption\":\"Villa Irina\"},\"image\":{\"@id\":\"https:\/\/www.villairina.hu\/#\/schema\/logo\/image\/\"}}]}<\/script>\n<!-- \/ Yoast SEO plugin. -->","yoast_head_json":{"title":"H\u00e1zirend - Villa Irina","robots":{"index":"index","follow":"follow","max-snippet":"max-snippet:-1","max-image-preview":"max-image-preview:large","max-video-preview":"max-video-preview:-1"},"canonical":"https:\/\/www.villairina.hu\/de\/hazirend\/","og_locale":"de_DE","og_type":"article","og_title":"H\u00e1zirend - Villa Irina","og_description":"H\u00e1zirend \u00c9rkez\u00e9s \u00e9s t\u00e1voz\u00e1s: \u00c9rkez\u00e9s: 15:00, t\u00e1voz\u00e1s: 11:00, k\u00e9s\u0151i \u00e9rkez\u00e9s el\u0151zetes egyeztet\u00e9ssel Vend\u00e9gek \u00e9s l\u00e9tsz\u00e1m: max. 3 f\u0151\/apartman, \u00f6sszesen 6 f\u0151, l\u00e1togat\u00f3k nem l\u00e9phetik t\u00fal a foglalt keretet Felel\u0151ss\u00e9gteljes haszn\u00e1lat: villa berendez\u00e9sei saj\u00e1t felel\u0151ss\u00e9gre, t\u0171zforr\u00e1sok, TV, l\u00e9gkondi, konyhai eszk\u00f6z\u00f6k kikapcsol\u00e1sa Doh\u00e1nyz\u00e1s \u00e9s h\u00e1zi\u00e1llatok: Doh\u00e1nyz\u00e1s csak kijel\u00f6lt k\u00fclt\u00e9ri ter\u00fcleten, h\u00e1zi\u00e1llat nem hozhat\u00f3 Csend \u00e9s nyugalom: szomsz\u00e9dok [&hellip;]","og_url":"https:\/\/www.villairina.hu\/de\/hazirend\/","og_site_name":"Villa Irina","article_modified_time":"2025-10-02T19:12:20+00:00","twitter_card":"summary_large_image","twitter_misc":{"Gesch\u00e4tzte Lesezeit":"1\u00a0Minute"},"schema":{"@context":"https:\/\/schema.org","@graph":[{"@type":"WebPage","@id":"https:\/\/www.villairina.hu\/en\/hazirend\/","url":"https:\/\/www.villairina.hu\/en\/hazirend\/","name":"H\u00e1zirend - Villa Irina","isPartOf":{"@id":"https:\/\/www.villairina.hu\/#website"},"datePublished":"2025-09-17T09:41:22+00:00","dateModified":"2025-10-02T19:12:20+00:00","breadcrumb":{"@id":"https:\/\/www.villairina.hu\/en\/hazirend\/#breadcrumb"},"inLanguage":"de","potentialAction":[{"@type":"ReadAction","target":["https:\/\/www.villairina.hu\/en\/hazirend\/"]}]},{"@type":"BreadcrumbList","@id":"https:\/\/www.villairina.hu\/en\/hazirend\/#breadcrumb","itemListElement":[{"@type":"ListItem","position":1,"name":"Kezd\u0151lap","item":"https:\/\/www.villairina.hu\/"},{"@type":"ListItem","position":2,"name":"H\u00e1zirend"}]},{"@type":"WebSite","@id":"https:\/\/www.villairina.hu\/#website","url":"https:\/\/www.villairina.hu\/","name":"Villa Irina","description":"Villa Irina","publisher":{"@id":"https:\/\/www.villairina.hu\/#organization"},"potentialAction":[{"@type":"SearchAction","target":{"@type":"EntryPoint","urlTemplate":"https:\/\/www.villairina.hu\/?s={search_term_string}"},"query-input":{"@type":"PropertyValueSpecification","valueRequired":true,"valueName":"search_term_string"}}],"inLanguage":"de"},{"@type":"Organization","@id":"https:\/\/www.villairina.hu\/#organization","name":"Villa Irina","url":"https:\/\/www.villairina.hu\/","logo":{"@type":"ImageObject","inLanguage":"de","@id":"https:\/\/www.villairina.hu\/#\/schema\/logo\/image\/","url":"https:\/\/www.villairina.hu\/wp-content\/uploads\/2025\/09\/villairina-transparent-black-350x350-1.png","contentUrl":"https:\/\/www.villairina.hu\/wp-content\/uploads\/2025\/09\/villairina-transparent-black-350x350-1.png","width":350,"height":350,"caption":"Villa Irina"},"image":{"@id":"https:\/\/www.villairina.hu\/#\/schema\/logo\/image\/"}}]}},"_links":{"self":[{"href":"https:\/\/www.villairina.hu\/de\/wp-json\/wp\/v2\/pages\/598","targetHints":{"allow":["GET"]}}],"collection":[{"href":"https:\/\/www.villairina.hu\/de\/wp-json\/wp\/v2\/pages"}],"about":[{"href":"https:\/\/www.villairina.hu\/de\/wp-json\/wp\/v2\/types\/page"}],"author":[{"embeddable":true,"href":"https:\/\/www.villairina.hu\/de\/wp-json\/wp\/v2\/users\/1"}],"replies":[{"embeddable":true,"href":"https:\/\/www.villairina.hu\/de\/wp-json\/wp\/v2\/comments?post=598"}],"version-history":[{"count":16,"href":"https:\/\/www.villairina.hu\/de\/wp-json\/wp\/v2\/pages\/598\/revisions"}],"predecessor-version":[{"id":1087,"href":"https:\/\/www.villairina.hu\/de\/wp-json\/wp\/v2\/pages\/598\/revisions\/1087"}],"wp:attachment":[{"href":"https:\/\/www.villairina.hu\/de\/wp-json\/wp\/v2\/media?parent=598"}],"curies":[{"name":"wp","href":"https:\/\/api.w.org\/{rel}","templated":true}]}}