{"id":589,"date":"2025-09-17T10:51:40","date_gmt":"2025-09-17T08:51:40","guid":{"rendered":"https:\/\/www.villairina.hu\/?page_id=589"},"modified":"2025-09-29T22:44:26","modified_gmt":"2025-09-29T20:44:26","slug":"arak","status":"publish","type":"page","link":"https:\/\/www.villairina.hu\/en\/arak\/","title":{"rendered":"Prices"},"content":{"rendered":"<div data-elementor-type=\"wp-page\" data-elementor-id=\"589\" class=\"elementor elementor-589\" data-elementor-post-type=\"page\">\n\t\t\t\t<div class=\"elementor-element elementor-element-cb7f61b e-con-full e-flex e-con e-parent\" data-id=\"cb7f61b\" data-element_type=\"container\" data-e-type=\"container\" data-settings=\"{&quot;background_background&quot;:&quot;classic&quot;}\">\n\t\t<div class=\"elementor-element elementor-element-4be309c e-flex e-con-boxed e-con e-child\" data-id=\"4be309c\" data-element_type=\"container\" data-e-type=\"container\">\n\t\t\t\t\t<div class=\"e-con-inner\">\n\t\t\t\t<div class=\"elementor-element elementor-element-81a9c46 elementor-widget elementor-widget-heading\" data-id=\"81a9c46\" data-element_type=\"widget\" data-e-type=\"widget\" data-widget_type=\"heading.default\">\n\t\t\t\t\t<h1 class=\"elementor-heading-title elementor-size-default\">Prices<\/h1>\t\t\t\t<\/div>\n\t\t\t\t<div class=\"elementor-element elementor-element-d9fad8d elementor-widget elementor-widget-price-list\" data-id=\"d9fad8d\" data-element_type=\"widget\" data-e-type=\"widget\" data-widget_type=\"price-list.default\">\n\t\t\t\t\t\n\t\t<ul class=\"elementor-price-list\">\n\n\t\t\t\t\t\t\t\t\t<li><a class=\"elementor-price-list-item\" href=\"#\">\t\t\t\t\n\t\t\t\t<div class=\"elementor-price-list-text\">\n\t\t\t\t\t\t\t\t\t<div class=\"elementor-price-list-header\">\n\t\t\t\t\t\t\t\t\t\t\t<span class=\"elementor-price-list-title\">\n\t\t\t\t\t\t\tJune 1 \u2013 August 31\t\t\t\t\t\t<\/span>\n\t\t\t\t\t\t\t\t\t\t\t\t\t\t\t\t\t\t<span class=\"elementor-price-list-separator\"><\/span>\n\t\t\t\t\t\t\t\t\t\t\t\t\t\t\t\t\t\t\t<span class=\"elementor-price-list-price\">120.000 HUF \/ Apartment \/ Nacht<\/span>\n\t\t\t\t\t\t\t\t\t\t<\/div>\n\t\t\t\t\t\t\t\t\t\t\t\t<\/div>\n\t\t\t\t<\/a><\/li>\t\t\t\t\t\t\t\t\t\t\t\t<li><a class=\"elementor-price-list-item\" href=\"#\">\t\t\t\t\n\t\t\t\t<div class=\"elementor-price-list-text\">\n\t\t\t\t\t\t\t\t\t<div class=\"elementor-price-list-header\">\n\t\t\t\t\t\t\t\t\t\t\t<span class=\"elementor-price-list-title\">\n\t\t\t\t\t\t\tSeptember 1 \u2013 May 31\t\t\t\t\t\t<\/span>\n\t\t\t\t\t\t\t\t\t\t\t\t\t\t\t\t\t\t<span class=\"elementor-price-list-separator\"><\/span>\n\t\t\t\t\t\t\t\t\t\t\t\t\t\t\t\t\t\t\t<span class=\"elementor-price-list-price\">80,000 HUF \/ apartment \/ night<\/span>\n\t\t\t\t\t\t\t\t\t\t<\/div>\n\t\t\t\t\t\t\t\t\t\t\t\t<\/div>\n\t\t\t\t<\/a><\/li>\t\t\t\t\t\t\t\t\t\t\t\t<li><a class=\"elementor-price-list-item\" href=\"#\">\t\t\t\t\n\t\t\t\t<div class=\"elementor-price-list-text\">\n\t\t\t\t\t\t\t\t\t<div class=\"elementor-price-list-header\">\n\t\t\t\t\t\t\t\t\t\t\t<span class=\"elementor-price-list-title\">\n\t\t\t\t\t\t\tPeak season\t\t\t\t\t\t<\/span>\n\t\t\t\t\t\t\t\t\t\t\t\t\t\t\t\t\t\t<span class=\"elementor-price-list-separator\"><\/span>\n\t\t\t\t\t\t\t\t\t\t\t\t\t\t\t\t\t\t\t<span class=\"elementor-price-list-price\">175,000 HUF \/ apartment \/ night<\/span>\n\t\t\t\t\t\t\t\t\t\t<\/div>\n\t\t\t\t\t\t\t\t\t\t\t\t<\/div>\n\t\t\t\t<\/a><\/li>\t\t\t\t\t\n\t\t<\/ul>\n\n\t\t\t\t\t\t<\/div>\n\t\t\t\t<div class=\"elementor-element elementor-element-3be0976 elementor-widget elementor-widget-text-editor\" data-id=\"3be0976\" data-element_type=\"widget\" data-e-type=\"widget\" data-widget_type=\"text-editor.default\">\n\t\t\t\t\t\t\t\t\t<p>Price includes all services, including bedding, towels, cleaning, and full use of the villa\u2019s facilities.<\/p>\t\t\t\t\t\t\t\t<\/div>\n\t\t\t\t<div class=\"elementor-element elementor-element-ce11be7 elementor-align-center elementor-mobile-align-center elementor-widget elementor-widget-button\" data-id=\"ce11be7\" data-element_type=\"widget\" data-e-type=\"widget\" data-widget_type=\"button.default\">\n\t\t\t\t\t\t\t\t\t\t<a class=\"elementor-button elementor-button-link elementor-size-sm elementor-animation-shrink\" href=\"https:\/\/www.villairina.hu\/en\/foglalas\/\">\n\t\t\t\t\t\t<span class=\"elementor-button-content-wrapper\">\n\t\t\t\t\t\t\t\t\t<span class=\"elementor-button-text\">Reservation<\/span>\n\t\t\t\t\t<\/span>\n\t\t\t\t\t<\/a>\n\t\t\t\t\t\t\t\t<\/div>\n\t\t\t\t\t<\/div>\n\t\t\t\t<\/div>\n\t\t\t\t<\/div>\n\t\t\t\t<\/div>","protected":false},"excerpt":{"rendered":"<p>\u00c1rak J\u00fanius 1. \u2013 Augusztus 31. 120.000 Ft \/ apartman \/ \u00e9j Szeptember 1. \u2013 M\u00e1jus 31. 80.000 Ft \/ apartman \/ \u00e9j Kiemelt id\u0151szak 175.000 Ft \/ apartman \/ \u00e9j Az \u00e1r minden szolg\u00e1ltat\u00e1st tartalmaz, bele\u00e9rtve az \u00e1gynem\u0171t, t\u00f6r\u00f6lk\u00f6z\u0151t, a takar\u00edt\u00e1st \u00e9s a villa teljes felszerelts\u00e9g\u00e9nek haszn\u00e1lat\u00e1t. FOGLAL\u00c1S<\/p>","protected":false},"author":1,"featured_media":0,"parent":0,"menu_order":0,"comment_status":"closed","ping_status":"closed","template":"","meta":{"footnotes":""},"class_list":["post-589","page","type-page","status-publish","hentry"],"yoast_head":"<!-- This site is optimized with the Yoast SEO plugin v27.0 - https:\/\/yoast.com\/product\/yoast-seo-wordpress\/ -->\n<title>\u00c1rak - Villa Irina<\/title>\n<meta name=\"robots\" content=\"index, follow, max-snippet:-1, max-image-preview:large, max-video-preview:-1\" \/>\n<link rel=\"canonical\" href=\"https:\/\/www.villairina.hu\/en\/arak\/\" \/>\n<meta property=\"og:locale\" content=\"en_GB\" \/>\n<meta property=\"og:type\" content=\"article\" \/>\n<meta property=\"og:title\" content=\"\u00c1rak - Villa Irina\" \/>\n<meta property=\"og:description\" content=\"\u00c1rak J\u00fanius 1. \u2013 Augusztus 31. 120.000 Ft \/ apartman \/ \u00e9j Szeptember 1. \u2013 M\u00e1jus 31. 80.000 Ft \/ apartman \/ \u00e9j Kiemelt id\u0151szak 175.000 Ft \/ apartman \/ \u00e9j Az \u00e1r minden szolg\u00e1ltat\u00e1st tartalmaz, bele\u00e9rtve az \u00e1gynem\u0171t, t\u00f6r\u00f6lk\u00f6z\u0151t, a takar\u00edt\u00e1st \u00e9s a villa teljes felszerelts\u00e9g\u00e9nek haszn\u00e1lat\u00e1t. FOGLAL\u00c1S\" \/>\n<meta property=\"og:url\" content=\"https:\/\/www.villairina.hu\/en\/arak\/\" \/>\n<meta property=\"og:site_name\" content=\"Villa Irina\" \/>\n<meta property=\"article:modified_time\" content=\"2025-09-29T20:44:26+00:00\" \/>\n<meta name=\"twitter:card\" content=\"summary_large_image\" \/>\n<script type=\"application\/ld+json\" class=\"yoast-schema-graph\">{\"@context\":\"https:\/\/schema.org\",\"@graph\":[{\"@type\":\"WebPage\",\"@id\":\"https:\/\/www.villairina.hu\/arak\/\",\"url\":\"https:\/\/www.villairina.hu\/arak\/\",\"name\":\"\u00c1rak - Villa Irina\",\"isPartOf\":{\"@id\":\"https:\/\/www.villairina.hu\/#website\"},\"datePublished\":\"2025-09-17T08:51:40+00:00\",\"dateModified\":\"2025-09-29T20:44:26+00:00\",\"breadcrumb\":{\"@id\":\"https:\/\/www.villairina.hu\/arak\/#breadcrumb\"},\"inLanguage\":\"en-GB\",\"potentialAction\":[{\"@type\":\"ReadAction\",\"target\":[\"https:\/\/www.villairina.hu\/arak\/\"]}]},{\"@type\":\"BreadcrumbList\",\"@id\":\"https:\/\/www.villairina.hu\/arak\/#breadcrumb\",\"itemListElement\":[{\"@type\":\"ListItem\",\"position\":1,\"name\":\"Kezd\u0151lap\",\"item\":\"https:\/\/www.villairina.hu\/\"},{\"@type\":\"ListItem\",\"position\":2,\"name\":\"\u00c1rak\"}]},{\"@type\":\"WebSite\",\"@id\":\"https:\/\/www.villairina.hu\/#website\",\"url\":\"https:\/\/www.villairina.hu\/\",\"name\":\"Villa Irina\",\"description\":\"Villa Irina\",\"publisher\":{\"@id\":\"https:\/\/www.villairina.hu\/#organization\"},\"potentialAction\":[{\"@type\":\"SearchAction\",\"target\":{\"@type\":\"EntryPoint\",\"urlTemplate\":\"https:\/\/www.villairina.hu\/?s={search_term_string}\"},\"query-input\":{\"@type\":\"PropertyValueSpecification\",\"valueRequired\":true,\"valueName\":\"search_term_string\"}}],\"inLanguage\":\"en-GB\"},{\"@type\":\"Organization\",\"@id\":\"https:\/\/www.villairina.hu\/#organization\",\"name\":\"Villa Irina\",\"url\":\"https:\/\/www.villairina.hu\/\",\"logo\":{\"@type\":\"ImageObject\",\"inLanguage\":\"en-GB\",\"@id\":\"https:\/\/www.villairina.hu\/#\/schema\/logo\/image\/\",\"url\":\"https:\/\/www.villairina.hu\/wp-content\/uploads\/2025\/09\/villairina-transparent-black-350x350-1.png\",\"contentUrl\":\"https:\/\/www.villairina.hu\/wp-content\/uploads\/2025\/09\/villairina-transparent-black-350x350-1.png\",\"width\":350,\"height\":350,\"caption\":\"Villa Irina\"},\"image\":{\"@id\":\"https:\/\/www.villairina.hu\/#\/schema\/logo\/image\/\"}}]}<\/script>\n<!-- \/ Yoast SEO plugin. -->","yoast_head_json":{"title":"\u00c1rak - Villa Irina","robots":{"index":"index","follow":"follow","max-snippet":"max-snippet:-1","max-image-preview":"max-image-preview:large","max-video-preview":"max-video-preview:-1"},"canonical":"https:\/\/www.villairina.hu\/en\/arak\/","og_locale":"en_GB","og_type":"article","og_title":"\u00c1rak - Villa Irina","og_description":"\u00c1rak J\u00fanius 1. \u2013 Augusztus 31. 120.000 Ft \/ apartman \/ \u00e9j Szeptember 1. \u2013 M\u00e1jus 31. 80.000 Ft \/ apartman \/ \u00e9j Kiemelt id\u0151szak 175.000 Ft \/ apartman \/ \u00e9j Az \u00e1r minden szolg\u00e1ltat\u00e1st tartalmaz, bele\u00e9rtve az \u00e1gynem\u0171t, t\u00f6r\u00f6lk\u00f6z\u0151t, a takar\u00edt\u00e1st \u00e9s a villa teljes felszerelts\u00e9g\u00e9nek haszn\u00e1lat\u00e1t. FOGLAL\u00c1S","og_url":"https:\/\/www.villairina.hu\/en\/arak\/","og_site_name":"Villa Irina","article_modified_time":"2025-09-29T20:44:26+00:00","twitter_card":"summary_large_image","schema":{"@context":"https:\/\/schema.org","@graph":[{"@type":"WebPage","@id":"https:\/\/www.villairina.hu\/arak\/","url":"https:\/\/www.villairina.hu\/arak\/","name":"\u00c1rak - Villa Irina","isPartOf":{"@id":"https:\/\/www.villairina.hu\/#website"},"datePublished":"2025-09-17T08:51:40+00:00","dateModified":"2025-09-29T20:44:26+00:00","breadcrumb":{"@id":"https:\/\/www.villairina.hu\/arak\/#breadcrumb"},"inLanguage":"en-GB","potentialAction":[{"@type":"ReadAction","target":["https:\/\/www.villairina.hu\/arak\/"]}]},{"@type":"BreadcrumbList","@id":"https:\/\/www.villairina.hu\/arak\/#breadcrumb","itemListElement":[{"@type":"ListItem","position":1,"name":"Kezd\u0151lap","item":"https:\/\/www.villairina.hu\/"},{"@type":"ListItem","position":2,"name":"\u00c1rak"}]},{"@type":"WebSite","@id":"https:\/\/www.villairina.hu\/#website","url":"https:\/\/www.villairina.hu\/","name":"Villa Irina","description":"Villa Irina","publisher":{"@id":"https:\/\/www.villairina.hu\/#organization"},"potentialAction":[{"@type":"SearchAction","target":{"@type":"EntryPoint","urlTemplate":"https:\/\/www.villairina.hu\/?s={search_term_string}"},"query-input":{"@type":"PropertyValueSpecification","valueRequired":true,"valueName":"search_term_string"}}],"inLanguage":"en-GB"},{"@type":"Organization","@id":"https:\/\/www.villairina.hu\/#organization","name":"Villa Irina","url":"https:\/\/www.villairina.hu\/","logo":{"@type":"ImageObject","inLanguage":"en-GB","@id":"https:\/\/www.villairina.hu\/#\/schema\/logo\/image\/","url":"https:\/\/www.villairina.hu\/wp-content\/uploads\/2025\/09\/villairina-transparent-black-350x350-1.png","contentUrl":"https:\/\/www.villairina.hu\/wp-content\/uploads\/2025\/09\/villairina-transparent-black-350x350-1.png","width":350,"height":350,"caption":"Villa Irina"},"image":{"@id":"https:\/\/www.villairina.hu\/#\/schema\/logo\/image\/"}}]}},"_links":{"self":[{"href":"https:\/\/www.villairina.hu\/en\/wp-json\/wp\/v2\/pages\/589","targetHints":{"allow":["GET"]}}],"collection":[{"href":"https:\/\/www.villairina.hu\/en\/wp-json\/wp\/v2\/pages"}],"about":[{"href":"https:\/\/www.villairina.hu\/en\/wp-json\/wp\/v2\/types\/page"}],"author":[{"embeddable":true,"href":"https:\/\/www.villairina.hu\/en\/wp-json\/wp\/v2\/users\/1"}],"replies":[{"embeddable":true,"href":"https:\/\/www.villairina.hu\/en\/wp-json\/wp\/v2\/comments?post=589"}],"version-history":[{"count":19,"href":"https:\/\/www.villairina.hu\/en\/wp-json\/wp\/v2\/pages\/589\/revisions"}],"predecessor-version":[{"id":1032,"href":"https:\/\/www.villairina.hu\/en\/wp-json\/wp\/v2\/pages\/589\/revisions\/1032"}],"wp:attachment":[{"href":"https:\/\/www.villairina.hu\/en\/wp-json\/wp\/v2\/media?parent=589"}],"curies":[{"name":"wp","href":"https:\/\/api.w.org\/{rel}","templated":true}]}}